{"id":25361,"date":"2020-05-18T14:22:02","date_gmt":"2020-05-18T14:22:02","guid":{"rendered":"https:\/\/store.evashair.ch\/?post_type=product&#038;p=25361"},"modified":"2024-06-28T10:11:52","modified_gmt":"2024-06-28T10:11:52","slug":"curso-on-line-profissionalizante","status":"publish","type":"product","link":"https:\/\/cursos.evasinjectmachine.com\/de\/product\/curso-on-line-profissionalizante\/","title":{"rendered":"Professioneller Online-Kurs - Haarverl\u00e4ngerung"},"content":{"rendered":"<h2><strong>Kursbeschreibung<\/strong><\/h2>\n<p>&nbsp;<\/p>\n<p>Ich bin Eva Spiess.<\/p>\n<p>Seit \u00fcber 25 Jahren arbeite ich mit Haaren, Per\u00fccken, Haarprothetik und Mega-Haar. Ich bin auch auf onkologische Per\u00fccken spezialisiert.<\/p>\n<p>Ich habe mich in Europa in diesen hart umk\u00e4mpften Bereichen hervorgetan und freue mich, dieses Wissen und diese Erfahrung in diesem Online-Kurs mit 12 praktischen Lektionen mit Ihnen zu teilen.<\/p>\n<p>Die Lektionen wurden sorgf\u00e4ltig f\u00fcr Sie erstellt, die in diesem Bereich ein Profi sein wollen<\/p>\n<p>Lernen Sie von mir und werden Sie ein erfolgreicher Profi auf dem Gebiet der Haarverl\u00e4ngerung.<\/p>\n<p>Nachdem Sie das gesamte Video f\u00fcr eine Lektion angesehen haben, klicken Sie auf\u00a0<strong>Als abgeschlossen markieren. <\/strong>Am Ende der letzten Lektion erhalten Sie Ihr Zertifikat \u00fcber den Abschluss des Online-Kurses.<\/p>\n<h3 style=\"color: #f82295 !important;\"><span style=\"color: #000000;\">Anweisungen zum Zugriff auf den Kurs:<\/span><\/h3>\n<ul>\n<li>Betreten Sie unsere Website und<a href=\"https:\/\/cursos.evasinjectmachine.com\/de\/\">\u00a0<\/a>Klicken Sie auf das Symbol Anmelden <img decoding=\"async\" src=\"https:\/\/cursos.evasinjectmachine.com\/wp-content\/uploads\/2021\/04\/login.jpg\" alt=\"\" \/><\/li>\n<li>Melden Sie sich mit der E-Mail und dem Passwort an, die Sie beim Kauf registriert haben.<\/li>\n<li>Klicken Sie nach der Eingabe auf die Schaltfl\u00e4che mit dem Namen des Kurses.<\/li>\n<\/ul>","protected":false},"excerpt":{"rendered":"<p><strong>Sprachen<\/strong>: Portugiesisch, Englisch und Deutsch<\/p>\n<h3 style=\"color: #f82295 !important;\"><span style=\"color: #000000;\">Anweisungen zum Zugriff auf den Kurs:<\/span><\/h3>\n<ul>\n<li>Betreten Sie unsere Website und klicken Sie auf das Login-Symbol <img decoding=\"async\" src=\"https:\/\/cursos.evasinjectmachine.com\/wp-content\/uploads\/2021\/04\/login.jpg\" alt=\"\" \/><\/li>\n<li>Melden Sie sich mit der E-Mail und dem Passwort an, die Sie beim Kauf registriert haben.<\/li>\n<li>Klicken Sie nach der Eingabe auf die Schaltfl\u00e4che mit dem Namen des Kurses.<\/li>\n<\/ul>","protected":false},"featured_media":31970,"template":"","meta":{"_acf_changed":false,"site-sidebar-layout":"default","site-content-layout":"default","ast-site-content-layout":"default","site-content-style":"default","site-sidebar-style":"default","ast-global-header-display":"","ast-banner-title-visibility":"","ast-main-header-display":"","ast-hfb-above-header-display":"","ast-hfb-below-header-display":"","ast-hfb-mobile-header-display":"","site-post-title":"","ast-breadcrumbs-content":"","ast-featured-img":"","footer-sml-layout":"","theme-transparent-header-meta":"default","adv-header-id-meta":"","stick-header-meta":"","header-above-stick-meta":"","header-main-stick-meta":"","header-below-stick-meta":"","astra-migrate-meta-layouts":"set","ast-page-background-enabled":"default","ast-page-background-meta":{"desktop":{"background-color":"var(--ast-global-color-4)","background-image":"","background-repeat":"repeat","background-position":"center center","background-size":"auto","background-attachment":"scroll","background-type":"","background-media":"","overlay-type":"","overlay-color":"","overlay-gradient":""},"tablet":{"background-color":"","background-image":"","background-repeat":"repeat","background-position":"center center","background-size":"auto","background-attachment":"scroll","background-type":"","background-media":"","overlay-type":"","overlay-color":"","overlay-gradient":""},"mobile":{"background-color":"","background-image":"","background-repeat":"repeat","background-position":"center center","background-size":"auto","background-attachment":"scroll","background-type":"","background-media":"","overlay-type":"","overlay-color":"","overlay-gradient":""}},"ast-content-background-meta":{"desktop":{"background-color":"var(--ast-global-color-5)","background-image":"","background-repeat":"repeat","background-position":"center center","background-size":"auto","background-attachment":"scroll","background-type":"","background-media":"","overlay-type":"","overlay-color":"","overlay-gradient":""},"tablet":{"background-color":"var(--ast-global-color-5)","background-image":"","background-repeat":"repeat","background-position":"center center","background-size":"auto","background-attachment":"scroll","background-type":"","background-media":"","overlay-type":"","overlay-color":"","overlay-gradient":""},"mobile":{"background-color":"var(--ast-global-color-5)","background-image":"","background-repeat":"repeat","background-position":"center center","background-size":"auto","background-attachment":"scroll","background-type":"","background-media":"","overlay-type":"","overlay-color":"","overlay-gradient":""}}},"product_brand":[],"product_cat":[164],"product_tag":[],"class_list":{"0":"post-25361","1":"product","2":"type-product","3":"status-publish","4":"has-post-thumbnail","6":"product_cat-cursos","7":"product_shipping_class-free","8":"desktop-align-left","9":"tablet-align-left","10":"mobile-align-left","12":"first","13":"instock","14":"sale","15":"virtual","16":"sold-individually","17":"purchasable","18":"product-type-course"},"acf":[],"_links":{"self":[{"href":"https:\/\/cursos.evasinjectmachine.com\/de\/wp-json\/wp\/v2\/product\/25361","targetHints":{"allow":["GET"]}}],"collection":[{"href":"https:\/\/cursos.evasinjectmachine.com\/de\/wp-json\/wp\/v2\/product"}],"about":[{"href":"https:\/\/cursos.evasinjectmachine.com\/de\/wp-json\/wp\/v2\/types\/product"}],"wp:featuredmedia":[{"embeddable":true,"href":"https:\/\/cursos.evasinjectmachine.com\/de\/wp-json\/wp\/v2\/media\/31970"}],"wp:attachment":[{"href":"https:\/\/cursos.evasinjectmachine.com\/de\/wp-json\/wp\/v2\/media?parent=25361"}],"wp:term":[{"taxonomy":"product_brand","embeddable":true,"href":"https:\/\/cursos.evasinjectmachine.com\/de\/wp-json\/wp\/v2\/product_brand?post=25361"},{"taxonomy":"product_cat","embeddable":true,"href":"https:\/\/cursos.evasinjectmachine.com\/de\/wp-json\/wp\/v2\/product_cat?post=25361"},{"taxonomy":"product_tag","embeddable":true,"href":"https:\/\/cursos.evasinjectmachine.com\/de\/wp-json\/wp\/v2\/product_tag?post=25361"}],"curies":[{"name":"wp","href":"https:\/\/api.w.org\/{rel}","templated":true}]}}