{"id":25361,"date":"2020-05-18T14:22:02","date_gmt":"2020-05-18T14:22:02","guid":{"rendered":"https:\/\/store.evashair.ch\/?post_type=product&#038;p=25361"},"modified":"2024-06-28T10:11:52","modified_gmt":"2024-06-28T10:11:52","slug":"curso-on-line-profissionalizante","status":"publish","type":"product","link":"https:\/\/cursos.evasinjectmachine.com\/fr\/product\/curso-on-line-profissionalizante\/","title":{"rendered":"Cours professionnel en ligne - Extension de cheveux"},"content":{"rendered":"<h2><strong>Description du cours<\/strong><\/h2>\n<p>&nbsp;<\/p>\n<p>Je suis Eva Spiess.<\/p>\n<p>Je travaille avec les cheveux, les perruques, les proth\u00e8ses capillaires et les m\u00e9ga cheveux depuis plus de 25 ans. Je suis \u00e9galement sp\u00e9cialis\u00e9e dans les perruques oncologiques.<\/p>\n<p>J'ai atteint une certaine notori\u00e9t\u00e9 en Europe dans ces domaines hautement comp\u00e9titifs et je suis ravi de partager ces connaissances et cette exp\u00e9rience avec vous dans ce cours en ligne de 12 le\u00e7ons pratiques.<\/p>\n<p>Les le\u00e7ons ont \u00e9t\u00e9 soigneusement cr\u00e9\u00e9es pour ceux qui veulent devenir des professionnels dans ce domaine.<\/p>\n<p>Venez apprendre de moi et devenez un professionnel accompli dans le domaine de l'allongement des cheveux.<\/p>\n<p>Apr\u00e8s avoir visionn\u00e9 la vid\u00e9o compl\u00e8te d'une le\u00e7on, cliquez sur\u00a0<strong>Marquer comme termin\u00e9. <\/strong>\u00c0 la fin de la derni\u00e8re le\u00e7on, vous recevrez votre certificat d'ach\u00e8vement du cours en ligne.<\/p>\n<h3 style=\"color: #f82295 !important;\"><span style=\"color: #000000;\">Instructions pour acc\u00e9der au cours :<\/span><\/h3>\n<ul>\n<li>Entrez dans notre site web et<a href=\"https:\/\/cursos.evasinjectmachine.com\/fr\/\">\u00a0<\/a>cliquez sur l'ic\u00f4ne de connexion <img decoding=\"async\" src=\"https:\/\/cursos.evasinjectmachine.com\/wp-content\/uploads\/2021\/04\/login.jpg\" alt=\"\" \/><\/li>\n<li>Connectez-vous avec l'adresse \u00e9lectronique et le mot de passe que vous avez enregistr\u00e9s au moment de l'achat.<\/li>\n<li>Apr\u00e8s la saisie, cliquez sur le bouton avec le nom du cours.<\/li>\n<\/ul>","protected":false},"excerpt":{"rendered":"<p><strong>Langues<\/strong>: portugais, anglais et allemand<\/p>\n<h3 style=\"color: #f82295 !important;\"><span style=\"color: #000000;\">Instructions pour acc\u00e9der au cours :<\/span><\/h3>\n<ul>\n<li>Entrez dans notre site Web et cliquez sur l'ic\u00f4ne de connexion <img decoding=\"async\" src=\"https:\/\/cursos.evasinjectmachine.com\/wp-content\/uploads\/2021\/04\/login.jpg\" alt=\"\" \/><\/li>\n<li>Connectez-vous avec l'adresse \u00e9lectronique et le mot de passe que vous avez enregistr\u00e9s au moment de l'achat.<\/li>\n<li>Apr\u00e8s la saisie, cliquez sur le bouton avec le nom du cours.<\/li>\n<\/ul>","protected":false},"featured_media":31970,"template":"","meta":{"_acf_changed":false,"site-sidebar-layout":"default","site-content-layout":"default","ast-site-content-layout":"default","site-content-style":"default","site-sidebar-style":"default","ast-global-header-display":"","ast-banner-title-visibility":"","ast-main-header-display":"","ast-hfb-above-header-display":"","ast-hfb-below-header-display":"","ast-hfb-mobile-header-display":"","site-post-title":"","ast-breadcrumbs-content":"","ast-featured-img":"","footer-sml-layout":"","theme-transparent-header-meta":"default","adv-header-id-meta":"","stick-header-meta":"","header-above-stick-meta":"","header-main-stick-meta":"","header-below-stick-meta":"","astra-migrate-meta-layouts":"set","ast-page-background-enabled":"default","ast-page-background-meta":{"desktop":{"background-color":"var(--ast-global-color-4)","background-image":"","background-repeat":"repeat","background-position":"center center","background-size":"auto","background-attachment":"scroll","background-type":"","background-media":"","overlay-type":"","overlay-color":"","overlay-gradient":""},"tablet":{"background-color":"","background-image":"","background-repeat":"repeat","background-position":"center center","background-size":"auto","background-attachment":"scroll","background-type":"","background-media":"","overlay-type":"","overlay-color":"","overlay-gradient":""},"mobile":{"background-color":"","background-image":"","background-repeat":"repeat","background-position":"center center","background-size":"auto","background-attachment":"scroll","background-type":"","background-media":"","overlay-type":"","overlay-color":"","overlay-gradient":""}},"ast-content-background-meta":{"desktop":{"background-color":"var(--ast-global-color-5)","background-image":"","background-repeat":"repeat","background-position":"center center","background-size":"auto","background-attachment":"scroll","background-type":"","background-media":"","overlay-type":"","overlay-color":"","overlay-gradient":""},"tablet":{"background-color":"var(--ast-global-color-5)","background-image":"","background-repeat":"repeat","background-position":"center center","background-size":"auto","background-attachment":"scroll","background-type":"","background-media":"","overlay-type":"","overlay-color":"","overlay-gradient":""},"mobile":{"background-color":"var(--ast-global-color-5)","background-image":"","background-repeat":"repeat","background-position":"center center","background-size":"auto","background-attachment":"scroll","background-type":"","background-media":"","overlay-type":"","overlay-color":"","overlay-gradient":""}}},"product_brand":[],"product_cat":[164],"product_tag":[],"class_list":{"0":"post-25361","1":"product","2":"type-product","3":"status-publish","4":"has-post-thumbnail","6":"product_cat-cursos","7":"product_shipping_class-free","8":"desktop-align-left","9":"tablet-align-left","10":"mobile-align-left","12":"first","13":"instock","14":"sale","15":"virtual","16":"sold-individually","17":"purchasable","18":"product-type-course"},"acf":[],"_links":{"self":[{"href":"https:\/\/cursos.evasinjectmachine.com\/fr\/wp-json\/wp\/v2\/product\/25361","targetHints":{"allow":["GET"]}}],"collection":[{"href":"https:\/\/cursos.evasinjectmachine.com\/fr\/wp-json\/wp\/v2\/product"}],"about":[{"href":"https:\/\/cursos.evasinjectmachine.com\/fr\/wp-json\/wp\/v2\/types\/product"}],"wp:featuredmedia":[{"embeddable":true,"href":"https:\/\/cursos.evasinjectmachine.com\/fr\/wp-json\/wp\/v2\/media\/31970"}],"wp:attachment":[{"href":"https:\/\/cursos.evasinjectmachine.com\/fr\/wp-json\/wp\/v2\/media?parent=25361"}],"wp:term":[{"taxonomy":"product_brand","embeddable":true,"href":"https:\/\/cursos.evasinjectmachine.com\/fr\/wp-json\/wp\/v2\/product_brand?post=25361"},{"taxonomy":"product_cat","embeddable":true,"href":"https:\/\/cursos.evasinjectmachine.com\/fr\/wp-json\/wp\/v2\/product_cat?post=25361"},{"taxonomy":"product_tag","embeddable":true,"href":"https:\/\/cursos.evasinjectmachine.com\/fr\/wp-json\/wp\/v2\/product_tag?post=25361"}],"curies":[{"name":"wp","href":"https:\/\/api.w.org\/{rel}","templated":true}]}}